{"id":117,"date":"2023-05-08T13:45:47","date_gmt":"2023-05-08T13:45:47","guid":{"rendered":"https:\/\/nuevomundo.leanteam.marketing\/?page_id=117"},"modified":"2024-06-12T17:10:34","modified_gmt":"2024-06-12T17:10:34","slug":"politica-de-cookies","status":"publish","type":"page","link":"https:\/\/nmgasesores.es\/?page_id=117","title":{"rendered":"Pol\u00edtica de cookies"},"content":{"rendered":"\t\t<div data-elementor-type=\"wp-page\" data-elementor-id=\"117\" class=\"elementor elementor-117\" data-elementor-post-type=\"page\">\n\t\t\t\t\t\t<section class=\"elementor-section elementor-top-section elementor-element elementor-element-2c9d3795 elementor-section-boxed elementor-section-height-default elementor-section-height-default\" data-id=\"2c9d3795\" data-element_type=\"section\" data-settings=\"{&quot;shape_divider_bottom&quot;:&quot;tilt&quot;,&quot;background_background&quot;:&quot;gradient&quot;}\">\n\t\t\t\t\t\t\t<div class=\"elementor-background-overlay\"><\/div>\n\t\t\t\t\t\t<div class=\"elementor-shape elementor-shape-bottom\" aria-hidden=\"true\" data-negative=\"false\">\n\t\t\t<svg xmlns=\"http:\/\/www.w3.org\/2000\/svg\" viewBox=\"0 0 1000 100\" preserveAspectRatio=\"none\">\n\t<path class=\"elementor-shape-fill\" d=\"M0,6V0h1000v100L0,6z\"\/>\n<\/svg>\t\t<\/div>\n\t\t\t\t\t<div class=\"elementor-container elementor-column-gap-default\">\n\t\t\t\t\t<div class=\"elementor-column elementor-col-50 elementor-top-column elementor-element elementor-element-45747aac\" data-id=\"45747aac\" data-element_type=\"column\">\n\t\t\t<div class=\"elementor-widget-wrap elementor-element-populated\">\n\t\t\t\t\t\t<div class=\"elementor-element elementor-element-3e3d7aab elementor-widget elementor-widget-heading\" data-id=\"3e3d7aab\" data-element_type=\"widget\" data-widget_type=\"heading.default\">\n\t\t\t\t<div class=\"elementor-widget-container\">\n\t\t\t\t\t<h1 class=\"elementor-heading-title elementor-size-default\">Pol\u00edtica <br>de Cookies<\/h1>\t\t\t\t<\/div>\n\t\t\t\t<\/div>\n\t\t\t\t\t<\/div>\n\t\t<\/div>\n\t\t\t\t<div class=\"elementor-column elementor-col-50 elementor-top-column elementor-element elementor-element-4332e29a\" data-id=\"4332e29a\" data-element_type=\"column\">\n\t\t\t<div class=\"elementor-widget-wrap\">\n\t\t\t\t\t\t\t<\/div>\n\t\t<\/div>\n\t\t\t\t\t<\/div>\n\t\t<\/section>\n\t\t\t\t<section class=\"elementor-section elementor-top-section elementor-element elementor-element-78c5670b elementor-reverse-tablet elementor-reverse-mobile elementor-section-boxed elementor-section-height-default elementor-section-height-default\" data-id=\"78c5670b\" data-element_type=\"section\" data-settings=\"{&quot;background_background&quot;:&quot;gradient&quot;}\">\n\t\t\t\t\t\t\t<div class=\"elementor-background-overlay\"><\/div>\n\t\t\t\t\t\t\t<div class=\"elementor-container elementor-column-gap-default\">\n\t\t\t\t\t<div class=\"elementor-column elementor-col-100 elementor-top-column elementor-element elementor-element-3f940896\" data-id=\"3f940896\" data-element_type=\"column\" data-settings=\"{&quot;background_background&quot;:&quot;classic&quot;}\">\n\t\t\t<div class=\"elementor-widget-wrap elementor-element-populated\">\n\t\t\t\t\t\t<div class=\"elementor-element elementor-element-f2a9e0e elementor-widget elementor-widget-text-editor\" data-id=\"f2a9e0e\" data-element_type=\"widget\" data-widget_type=\"text-editor.default\">\n\t\t\t\t<div class=\"elementor-widget-container\">\n\t\t\t\t\t\t\t\t\t<h2>1.\u00a0\u00a0 Cookies<\/h2><p>Una cookie es un fichero que es enviado con la finalidad de solicitar permiso para almacenarse en un ordenador, al aceptar dicho fichero se crea la cookie, que sirve entonces para tener informaci\u00f3n respecto al tr\u00e1fico web, y facilitar las futuras visitas. Otra funci\u00f3n que tienen las cookies es que con ellas las web puede reconocerte individualmente y por tanto brindarte el mejor servicio personalizado.<\/p><p>Nuestro sitio web emplea las cookies para poder identificar las p\u00e1ginas que son visitadas y su frecuencia. Esta informaci\u00f3n es empleada \u00fanicamente para an\u00e1lisis estad\u00edstico y despu\u00e9s la informaci\u00f3n se elimina de forma permanente. Usted puede eliminar las cookies en cualquier momento desde su ordenador. Sin embargo las cookies ayudan a proporcionar un mejor servicio de los sitios web, est\u00e1s no dan acceso a informaci\u00f3n de su ordenador ni de usted, a menos de que usted as\u00ed lo quiera y la proporcione directamente. Usted puede aceptar o negar el uso de cookies, a excepci\u00f3n de las obligatorias, que se instalar\u00e1n una vez usted haya aceptado el aviso de cookies que aparece la primera vez que entra en la p\u00e1gina.<\/p><h3>\u00bfC\u00f3mo usamos las cookies?<\/h3><p>Usamos cookies para distinguirle de otros usuarios del Sitio, proporcionar nuestros servicios de forma satisfactoria y saber d\u00f3nde necesitamos hacer mejoras.<\/p><h3>Tipos de cookies<\/h3><p>Dependiendo de qui\u00e9n administre el dominio desde el que se env\u00edan las cookies y se procesan los datos, se hace una distinci\u00f3n entre sus propias cookies y las externas.<\/p><p>Las cookies tambi\u00e9n se pueden clasificar seg\u00fan la duraci\u00f3n de su almacenamiento en el navegador del usuario, donde se distingue entre cookies de sesi\u00f3n y cookies persistentes.<\/p><p>Por \u00faltimo, en funci\u00f3n de la finalidad para la que se procesa la informaci\u00f3n recogida, las cookies pueden dividirse en las siguientes categor\u00edas:<\/p><p><u>Cookies necesarias:<\/u> Estas cookies son necesarias para que el sitio web funcione y no se pueden desactivar en los sistemas. Por lo general, solo se configuran en respuesta a sus acciones realizadas al solicitar servicios, como establecer sus preferencias de privacidad, iniciar sesi\u00f3n o completar formularios. Puede configurar su navegador para bloquear o alertar sobre estas cookies, pero algunas \u00e1reas o el sitio completo dejar\u00e1n de funcionar o lo har\u00e1n de forma erronea.<\/p><p><u>Cookies de rendimiento:<\/u> Estas cookies permiten contar las visitas y fuentes de tr\u00e1fico para poder evaluar el rendimiento del sitio y mejorarlo. Ayudan a saber qu\u00e9 p\u00e1ginas son las m\u00e1s o las menos visitadas, y c\u00f3mo los visitantes navegan por el sitio. Si no permite utilizar estas cookies, no sabremos cu\u00e1ndo visit\u00f3 nuestro sitio y no podremos evaluar si funcion\u00f3 correctamente.<\/p><p><u>Cookies funcionales:<\/u> Estas cookies permiten que el sitio web proporcione una mejor funcionalidad y personalizaci\u00f3n. Pueden ser establecidas por la empresa o por proveedores externos cuyos servicios hemos agregado a nuestras p\u00e1ginas. Si no permite utilizar estas cookies, es posible que algunos de estos servicios no funcionen correctamente o no pueda hacer uso de alguna funcionalidad del sitio.<\/p><p><u>Cookies dirigidas:<\/u> Estas cookies pueden ser establecidas con fines publicitarios en relaci\u00f3n a la p\u00e1gina y redes sociales. Si no desea consentir estas cookies no ver\u00e1 anunios o publicidad personalizada.<\/p><p><u>Cookies t\u00e9cnicas:<\/u> Permiten al usuario navegar por un sitio web y utilizar algunos de los servicios que ofrece (como los que se utilizan para recordar los elementos de un carrito de la compra).<\/p><p><u>Cookies de personalizaci\u00f3n:<\/u> Permitir al usuario acceder al sitio web con determinadas caracter\u00edsticas, como el idioma.<\/p><p><u>Cookies de seguridad:<\/u> Se utilizan para evitar ataques al sitio web.<\/p><p><u>Cookies complementarias para el intercambio de contenidos sociales:<\/u> Los llamados plug-ins que permiten compartir contenidos en las redes sociales. Cookies de an\u00e1lisis: Permita que la persona responsable rastree el comportamiento del usuario.<\/p><p><u>Cookies de publicidad:<\/u> Permitirle gestionar el espacio publicitario en el sitio.<\/p><p><u>Cookies de publicidad conductual:<\/u> Al igual que las anteriores, se utilizan para gestionar el espacio publicitario del sitio en funci\u00f3n de la informaci\u00f3n recogida sobre el comportamiento y los h\u00e1bitos del usuario, y para adaptar la publicidad al perfil del usuario.<\/p><p><u>Cookies de geolocalizaci\u00f3n:<\/u> Se utilizan para conocer el pa\u00eds donde se encuentra el usuario.<\/p><p>\u00a0<\/p><h3>Cambiar la configuraci\u00f3n de las cookies<\/h3><p><strong>\u00a0<\/strong>Usted puede restringir, bloquear o eliminar las cookies de %responsibleBusinessName% o cualquier otro sitio web a trav\u00e9s de su navegador. Cada navegador tiene su propio funcionamiento, encontrar\u00e1 el procedimiento en el men\u00fa de ayuda de su navegador, donde usted especifica el procedimiento para la eliminaci\u00f3n. Para m\u00e1s informaci\u00f3n:<\/p><p><u>Google Chrome:<\/u><\/p><p>https:\/\/support.google.com\/chrome\/answer\/95647?co=GENIE.Platform%3DDesktop&amp;hl=en <u>Mozilla Firefox:<\/u><\/p><p>https:\/\/support.mozilla.org\/en-US\/kb\/enable-and-disable-cookies-website-preferences<\/p><p><u>Safari:<\/u><\/p><p>https:\/\/support.apple.com\/en-gb\/guide\/safari\/sfri11471\/mac <u>Internet Explorer:<\/u><\/p><p>https:\/\/support.microsoft.com\/en-gb\/help\/278835\/how-to-delete-cookie-files-in-internet-explorer<\/p><p>Es posible que la desactivaci\u00f3n de las cookies no funcione correctamente o que no le permita acceder a determinadas funciones del Sitio.<\/p><h3>Cookies utilizadas en la Web<\/h3><p><strong>\u00a0<\/strong>El portal web utiliza diferentes tipos de cookies para diferentes fines, que se enumeran a continuaci\u00f3n:<\/p><ol><li>Tipo de cookie:<\/li><\/ol><p>Prop\u00f3sito:<\/p><p>Gesti\u00f3n:<\/p><ol start=\"2\"><li>Tipo de cookie:<\/li><\/ol><p>Prop\u00f3sito:<\/p><p>Gesti\u00f3n:<\/p><p>\u00a0<\/p><h3>Modificaci\u00f3n de las condiciones<\/h3><p><strong>\u00a0<\/strong><strong>NMG ACUO, S.L. <\/strong>se reserva expresamente el derecho de cambiar esta pol\u00edtica de cookies unilateralmente, en su totalidad o en parte, sin previo aviso. Usted reconoce y acepta que es su responsabilidad revisar esta Pol\u00edtica sobre Cookies.<\/p><h2>2.\u00a0\u00a0 Enlaces a terceros<\/h2><p><strong>\u00a0<\/strong>Este sitio web puede contener en laces a otros sitios que pudieran ser de su inter\u00e9s. Una vez que usted de clic en estos enlaces y abandone nuestra p\u00e1gina, ya no tenemos control sobre al sitio al que es redirigido y por lo tanto no somos responsables de los t\u00e9rminos o privacidad ni de la protecci\u00f3n de sus datos en esos otros sitios. Dichos sitios est\u00e1n sujetos a sus propias pol\u00edticas de privacidad por lo cual es recomendable que los consulte para confirmar que usted est\u00e1 de acuerdo con estas.<\/p><p><em><u>INDICACIONES PARA LA ENTIDAD QUE GESTIONE LA P\u00c1GINA WEB:<\/u><\/em> .<\/p><p>\u00a0<\/p><p>Despu\u00e9s de incluir el texto anterior se debe a\u00f1adir un resumen detallado de las cookies y enlaces a terceros concretos que almacena la web, incluidos dominios y la funci\u00f3n que tiene cada uno. Si se utilizan cookies de google analytics es necesario incluir el complemento de inhabilitaci\u00f3n).<\/p><p>Es importante y obligatorio, permitir al usuario a trav\u00e9s de un bot\u00f3n llamado por ejemplo \u201cajustes de cookies\u201d activar y desativar las cookies que no sean obligatorias en el sitio. Unicamente deben venir marcadas por defecto las cookies obligatorias, el resto deber\u00e1n estar desactivadas, dando la posibilidad al usuaio de activarlas en este apartado.<\/p><p>El boton \u201cajuste de cookies\u201d seria adecuado que aparezca tambi\u00e9n en el aviso de cookies que se indica mas abajo y que debe saltar obligatoriamente cuando un usuario entra por primera vez en la p\u00e1gina\u201d.<\/p><p>Es igualmente importante que no se produzca instalaci\u00f3n o descarga de cookies sin mediar el consentimiento del interesado, es decir, que a excepci\u00f3n de las cookies obligatorias \u2013solo cuando la persona haya aceptado el aviso de cookies-, no se pueden almacenar en ning\u00fan equipo otro tipo de cookies sin que la persona lo autorice expresamente activandolas en el bot\u00f3n ajuste de cookies.<\/p><h2>3.\u00a0\u00a0 Aviso Cookies<\/h2><p><strong>\u00a0<\/strong><em>\u201cUtilizamos cookies propias y de terceros para obtener datos estad\u00edsticos de la navegaci\u00f3n de nuestros usuarios y mejorar nuestros servicios. Si acepta o contin\u00faa navegando, consideramos que acepta el uso de las cookies obligatorias identificadas en nuestra pol\u00edtica de cookies. Puede entrar en el apartado ajuste de cookies ubicado en el mismo lugar para modificar sus preferencias\u201d.<\/em><\/p>\t\t\t\t\t\t\t\t<\/div>\n\t\t\t\t<\/div>\n\t\t\t\t\t<\/div>\n\t\t<\/div>\n\t\t\t\t\t<\/div>\n\t\t<\/section>\n\t\t\t\t<\/div>\n\t\t","protected":false},"excerpt":{"rendered":"<p>Pol\u00edtica de Cookies 1.\u00a0\u00a0 Cookies Una cookie es un fichero que es enviado con la finalidad de solicitar permiso para almacenarse en un ordenador, al aceptar dicho fichero se crea la cookie, que sirve entonces para tener informaci\u00f3n respecto al tr\u00e1fico web, y facilitar las futuras visitas. Otra funci\u00f3n que tienen las cookies es que [&hellip;]<\/p>\n","protected":false},"author":1,"featured_media":0,"parent":0,"menu_order":0,"comment_status":"closed","ping_status":"closed","template":"","meta":{"footnotes":""},"_links":{"self":[{"href":"https:\/\/nmgasesores.es\/index.php?rest_route=\/wp\/v2\/pages\/117"}],"collection":[{"href":"https:\/\/nmgasesores.es\/index.php?rest_route=\/wp\/v2\/pages"}],"about":[{"href":"https:\/\/nmgasesores.es\/index.php?rest_route=\/wp\/v2\/types\/page"}],"author":[{"embeddable":true,"href":"https:\/\/nmgasesores.es\/index.php?rest_route=\/wp\/v2\/users\/1"}],"replies":[{"embeddable":true,"href":"https:\/\/nmgasesores.es\/index.php?rest_route=%2Fwp%2Fv2%2Fcomments&post=117"}],"version-history":[{"count":10,"href":"https:\/\/nmgasesores.es\/index.php?rest_route=\/wp\/v2\/pages\/117\/revisions"}],"predecessor-version":[{"id":490,"href":"https:\/\/nmgasesores.es\/index.php?rest_route=\/wp\/v2\/pages\/117\/revisions\/490"}],"wp:attachment":[{"href":"https:\/\/nmgasesores.es\/index.php?rest_route=%2Fwp%2Fv2%2Fmedia&parent=117"}],"curies":[{"name":"wp","href":"https:\/\/api.w.org\/{rel}","templated":true}]}}