{"id":113,"date":"2023-05-08T13:45:28","date_gmt":"2023-05-08T13:45:28","guid":{"rendered":"https:\/\/nuevomundo.leanteam.marketing\/?page_id=113"},"modified":"2024-06-12T17:08:18","modified_gmt":"2024-06-12T17:08:18","slug":"aviso-legal","status":"publish","type":"page","link":"https:\/\/nmgasesores.es\/?page_id=113","title":{"rendered":"Aviso legal"},"content":{"rendered":"\t\t<div data-elementor-type=\"wp-page\" data-elementor-id=\"113\" class=\"elementor elementor-113\" data-elementor-post-type=\"page\">\n\t\t\t\t\t\t<section class=\"elementor-section elementor-top-section elementor-element elementor-element-b72b292 elementor-section-boxed elementor-section-height-default elementor-section-height-default\" data-id=\"b72b292\" data-element_type=\"section\" data-settings=\"{&quot;shape_divider_bottom&quot;:&quot;tilt&quot;,&quot;background_background&quot;:&quot;gradient&quot;}\">\n\t\t\t\t\t\t\t<div class=\"elementor-background-overlay\"><\/div>\n\t\t\t\t\t\t<div class=\"elementor-shape elementor-shape-bottom\" aria-hidden=\"true\" data-negative=\"false\">\n\t\t\t<svg xmlns=\"http:\/\/www.w3.org\/2000\/svg\" viewBox=\"0 0 1000 100\" preserveAspectRatio=\"none\">\n\t<path class=\"elementor-shape-fill\" d=\"M0,6V0h1000v100L0,6z\"\/>\n<\/svg>\t\t<\/div>\n\t\t\t\t\t<div class=\"elementor-container elementor-column-gap-default\">\n\t\t\t\t\t<div class=\"elementor-column elementor-col-50 elementor-top-column elementor-element elementor-element-cc4f416\" data-id=\"cc4f416\" data-element_type=\"column\">\n\t\t\t<div class=\"elementor-widget-wrap elementor-element-populated\">\n\t\t\t\t\t\t<div class=\"elementor-element elementor-element-5c072e4 elementor-widget elementor-widget-heading\" data-id=\"5c072e4\" data-element_type=\"widget\" data-widget_type=\"heading.default\">\n\t\t\t\t<div class=\"elementor-widget-container\">\n\t\t\t\t\t<h1 class=\"elementor-heading-title elementor-size-default\">Aviso legal<\/h1>\t\t\t\t<\/div>\n\t\t\t\t<\/div>\n\t\t\t\t\t<\/div>\n\t\t<\/div>\n\t\t\t\t<div class=\"elementor-column elementor-col-50 elementor-top-column elementor-element elementor-element-3810a75\" data-id=\"3810a75\" data-element_type=\"column\">\n\t\t\t<div class=\"elementor-widget-wrap\">\n\t\t\t\t\t\t\t<\/div>\n\t\t<\/div>\n\t\t\t\t\t<\/div>\n\t\t<\/section>\n\t\t<div class=\"elementor-element elementor-element-b8b684b e-flex e-con-boxed e-con e-parent\" data-id=\"b8b684b\" data-element_type=\"container\" data-settings=\"{&quot;background_background&quot;:&quot;gradient&quot;}\">\n\t\t\t\t\t<div class=\"e-con-inner\">\n\t\t\t\t<div class=\"elementor-element elementor-element-e9d04f2 elementor-widget elementor-widget-text-editor\" data-id=\"e9d04f2\" data-element_type=\"widget\" data-widget_type=\"text-editor.default\">\n\t\t\t\t<div class=\"elementor-widget-container\">\n\t\t\t\t\t\t\t\t\t<h2>1.\u00a0\u00a0 Datos<\/h2>\n<strong>\u00a0<\/strong>\n\nEn cumplimiento del <strong>art\u00edculo 10 de la Ley 34\/2002, de 11 de julio, de Servicios de la Sociedad de la Informaci\u00f3n y Comercio Electr\u00f3nico<\/strong>, a continuaci\u00f3n se exponen los datos identificativos del\/la titular de la p\u00e1gina web.\n\n<strong>Denominaci\u00f3n Social o nombre y apellidos: <\/strong>NMG ACUO, S.L.\n\n&nbsp;\n\n<strong>CIF\/NIF: <\/strong>B86475993\n\n&nbsp;\n<h3>N\u00famero de inscripci\u00f3n en el registro mercantil:<\/h3>\n<strong>\u00a0<\/strong>\n\n<strong>Domicilio social: <\/strong>AVENIDA SIGLO XXI, 2 LOCAL 9, 28660, BOADILLA DEL MONTE (MADRID)\n\n<strong>Email: <\/strong><a href=\"mailto:info@nmgasesores.es\">info@nmgasesores.es<\/a>\n\n&nbsp;\n\n<strong>Tel\u00e9fono: <\/strong>916324886\n\n&nbsp;\n<h2>2.\u00a0\u00a0 Propiedad Intelectual<\/h2>\n<strong>\u00a0<\/strong>\n\nLa informaci\u00f3n y los contenidos; as\u00ed como dise\u00f1os gr\u00e1ficos, las im\u00e1genes, las fotograf\u00edas que se recogen en <a href=\"https:\/\/nmgasesores.es\/\"><strong>www.nmgasesores.es<\/strong><\/a> est\u00e1n protegidos por la legislaci\u00f3n espa\u00f1ola sobre los derechos de propiedad intelectual e industrial a favor de denominaci\u00f3n social o nombre del responsable del tratamiento y no se permite la reproducci\u00f3n y\/o publicaci\u00f3n, total o parcial, del sitio web, ni su tratamiento inform\u00e1tico, su distribuci\u00f3n, su difusi\u00f3n, ni su modificaci\u00f3n, transformaci\u00f3n o descompilaci\u00f3n, ni dem\u00e1s derechos reconocidos legalmente a su titular, sin el permiso previo y por escrito del mismo.\n\nLa utilizaci\u00f3n del sitio web implica la aceptaci\u00f3n plena y sin reservas de todas y cada una de las disposiciones incluidas en este Aviso Legal. En consecuencia, el usuario del sitio web debe leer atentamente el presente Aviso Legal en cada una de las ocasiones en que se proponga utilizar la web, ya que el texto podr\u00eda sufrir modificaciones a criterio del titular de la web, o a causa de un cambio legislativo, jurisprudencial o en la pr\u00e1ctica empresarial.\n\nEl titular de la web no concede ninguna licencia o autorizaci\u00f3n de uso de ninguna clase sobre sus derechos de propiedad intelectual e industrial o sobre cualquier otra propiedad o derecho relacionado con el sitio web, y en ning\u00fan caso se entender\u00e1 que el acceso y navegaci\u00f3n de los usuarios implica una renuncia, transmisi\u00f3n, licencia o cesi\u00f3n total ni parcial de dichos derechos por parte de el propietario de la web.\n\nCualquier uso de esos contenidos no autorizado previamente por parte del titular de la web ser\u00e1 considerado un incumplimiento grave de los derechos de propiedad intelectual o industrial y dar\u00e1 lugar a las responsabilidades legalmente establecidas. El titular se reserva el derecho de ejercitar frente al usuario las acciones judiciales y extrajudiciales que correspondan.\n\n&nbsp;\n<h2>3.\u00a0\u00a0 Acceso y contenidos de la WEB<\/h2>\n<strong>\u00a0<\/strong>\n\nEste Aviso Legal regula el acceso y utilizaci\u00f3n de la p\u00e1gina web que el responsable del tratamiento pone a la disposici\u00f3n de los usuarios de Internet. Se considera usuario la persona que acceda, navegue, utilice o participe en los servicios y actividades de la p\u00e1gina web.\n\nEl usuario queda informado, y acepta, que el acceso a la presente web no supone, en modo alguno, el inicio de una relaci\u00f3n comercial. El acceso y navegaci\u00f3n en el sitio web por parte del usuario supone la aceptaci\u00f3n de la totalidad de las presentes Condiciones. En caso de desacuerdo con las condiciones debe abstenerse a usar el sitio web.\n\nEl acceso y utilizaci\u00f3n de esta web es gratuito. Con car\u00e1cter general el acceso y utilizaci\u00f3n de la web no exige la previa suscripci\u00f3n o registro de los usuarios de la misma.\n\nEl idioma utilizado por el titular en la web ser\u00e1 el castellano. <strong>NMG ACUO, S.L. <\/strong>no se responsabiliza de la no comprensi\u00f3n o entendimiento del idioma de la web por el usuario, ni de sus consecuencias.\n\n<strong>NMG ACUO, S.L. <\/strong>podr\u00e1 modificar los contenidos sin previo aviso, as\u00ed como suprimir y cambiar \u00e9stos dentro de la web, como la forma en que se accede a \u00e9stos, sin justificaci\u00f3n alguna y libremente, no responsabiliz\u00e1ndose de las consecuencias que los mismos puedan ocasionar a los usuarios.\n\nEl usuario, \u00fanica y exclusivamente, puede utilizar el material que aparezca en este sitio web para su uso personal y privado. Se proh\u00edbe el uso de los contenidos de la web para promocionar, contratar o divulgar publicidad o informaci\u00f3n propia o de terceras personas sin la autorizaci\u00f3n de <strong>NMG ACUO, S.L.<\/strong>, ni remitir publicidad o informaci\u00f3n vali\u00e9ndose para ello de los servicios o informaci\u00f3n que se ponen a disposici\u00f3n de los usuarios, independientemente de si la utilizaci\u00f3n es gratuita o no.\n\nLos enlaces o hiperenlaces que incorporen terceros en sus p\u00e1ginas web, dirigidos a esta web, ser\u00e1n para la apertura de la p\u00e1gina web completa, no pudiendo manifestar, directa o indirectamente, indicaciones falsas, inexactas o confusas, ni incurrir en acciones desleales o il\u00edcitas en contra del\/la Responsable del tratamiento.\n<h2>4.\u00a0\u00a0 Condicciones y uso<\/h2>\n<strong>\u00a0<\/strong>\n\nLa visita al sitio web por parte del usuario deber\u00e1 hacerse de forma responsable y de conformidad a la legalidad vigente y la buena fe.\n\nEl uso de cualquiera de los contenidos del sitio web con finalidades que sean o pudieran ser il\u00edcitas queda totalmente prohibido, as\u00ed como la realizaci\u00f3n de cualquier acci\u00f3n que cause o pueda causar da\u00f1os o alteraciones de cualquier tipo no consentidas por el responsable del tratamiento, al sitio web o a sus contenidos.\n\nEl titular del web no se identifica con las opiniones vertidas en el mismo por sus colaboradores. La\n\n&nbsp;\n\nempresa se reserva el derecho de efectuar sin previo aviso las modificaciones que considere oportunas en su Web, pudiendo cambiar, suprimir o a\u00f1adir tanto los contenidos y servicios que se presten a trav\u00e9s de la misma como la forma en la que \u00e9stos aparezcan presentados o localizados en sus servidores.\n<h2>5.\u00a0\u00a0 Responsabilidad y garant\u00edas<\/h2>\n<strong>\u00a0<\/strong>\n\nEl propietario de la web declara que ha adoptado las medidas necesarias que, dentro de sus posibilidades y el estado de la tecnolog\u00eda, permitan el correcto funcionamiento de su sitio web as\u00ed como la ausencia de virus y componentes da\u00f1inos. Sin embargo, <strong>NMG ACUO, S.L. <\/strong>no puede hacerse responsable de las siguientes situaciones que se enumeran a t\u00edtulo enunciativo, pero no limitativo:\n<ul>\n \t<li>La continuidad y disponibilidad de los<\/li>\n \t<li>La ausencia de errores en dichos Contenidos ni la correcci\u00f3n de cualquier defecto que pudiera<\/li>\n \t<li>La ausencia de virus y\/o dem\u00e1s componentes da\u00f1inos.<\/li>\n \t<li>Los da\u00f1os o perjuicios que cause cualquier persona que vulnere los sistemas de seguridad de<\/li>\n<\/ul>\n<h3>NMG ACUO, S.L..<\/h3>\n<ul>\n \t<li>El uso que los usuarios puedan hacer de los contenidos incluidos en el web. En consecuencia, <strong>NMG ACUO, L. <\/strong>no garantiza que el uso que los usuarios puedan hacer de los contenidos que en su caso se incluyan en el sitio web, se ajusten al presente aviso legal, ni que el uso del sitio web se realice de forma diligente.<\/li>\n \t<li>El uso por menores de edad del sitio web o del env\u00edo de sus datos personales sin el permiso de sus tutores, siendo los tutores responsables del uso que hagan de Internet.<\/li>\n \t<li>Los contenidos a los que el usuario pueda acceder a trav\u00e9s de enlaces no autorizados o introducidos por usuarios mediante comentarios o herramientas similares.<\/li>\n \t<li>La introducci\u00f3n de datos err\u00f3neos por parte del usuario o de un<\/li>\n<\/ul>\nEl propietario de la web podr\u00e1 suspender temporalmente y sin previo aviso, la accesibilidad al sitio web con motivo de operaciones de mantenimiento, reparaci\u00f3n, actualizaci\u00f3n o mejora. No obstante, siempre que las circunstancias lo permitan, <strong>NMG ACUO, S.L. <\/strong>comunicar\u00e1 al usuario, con antelaci\u00f3n suficiente, la fecha prevista para la suspensi\u00f3n de los contenidos.\n\nAsimismo, de conformidad con los arts. 11 y 16 de la Ley 34\/2002, de 11 de julio, de servicios de la sociedad de la informaci\u00f3n y de comercio electr\u00f3nico (LSSICE), <strong>NMG ACUO, S.L. <\/strong>se compromete a la eliminaci\u00f3n o, en su caso, bloqueo de los contenidos que pudieran afectar o ser contrarios a la legislaci\u00f3n vigente, los derechos de terceros o la moral y orden p\u00fablico.\n<h2>6.\u00a0\u00a0 Limitaci\u00f3n de responsabilidad<\/h2>\n&nbsp;\n\nTanto el acceso a la web como el uso inconsentido que pueda efectuarse de la informaci\u00f3n contenida en la misma es de la exclusiva responsabilidad de quien lo realiza. <strong>NMG ACUO, S.L. <\/strong>no responder\u00e1 de ninguna consecuencia, da\u00f1o o perjuicio que pudieran derivarse de dicho acceso o uso. El representante no se hace responsable de los errores de seguridad, que se puedan producir ni de los da\u00f1os que puedan causarse al sistema inform\u00e1tico del usuario (hardware y software), o a los ficheros o documentos almacenados en el mismo, como consecuencia de:\n<ul>\n \t<li>la presencia de un virus en el ordenador del usuario que sea utilizado para la conexi\u00f3n a los servicios y contenidos de la web,<\/li>\n \t<li>un mal funcionamiento del navegador,<\/li>\n<\/ul>\n&nbsp;\n<ul>\n \t<li>y\/o del uso de versiones no actualizadas del<\/li>\n<\/ul>\n&nbsp;\n\n<strong>NMG ACUO, S.L. <\/strong>no se hace responsable de la fiabilidad y rapidez de los hiperenlaces que se incorporen en la web para la apertura de otras. Adem\u00e1s no garantiza la utilidad de estos enlaces, ni se responsabiliza de los contenidos o servicios a los que pueda acceder el usuario por medio de estos enlaces, ni del buen funcionamiento de estas webs.\n\n<strong>NMG ACUO, S.L. <\/strong>no ser\u00e1 responsable de los virus o dem\u00e1s programas inform\u00e1ticos que deterioren o puedan deteriorar los sistemas o equipos inform\u00e1ticos de los usuarios al acceder a su web u otras webs a las que se haya accedido mediante enlaces de esta web.\n<h2>7.\u00a0\u00a0 Exactitud y veracidad de los datos personales<\/h2>\n<strong>\u00a0<\/strong>\n\nEl usuario es el \u00fanico responsable de la veracidad y correcci\u00f3n de los datos incluidos, exonerando a <strong>NMG ACUO, S.L. <\/strong>de cualquier responsabilidad al respecto. Los usuarios garantizan y responden, en cualquier caso, de la exactitud, vigencia y autenticidad de los datos personales facilitados, y se comprometen a mantenerlos debidamente actualizados. El usuario acepta proporcionar informaci\u00f3n completa y correcta en el formulario de registro o suscripci\u00f3n. <strong>NMG ACUO, S.L. <\/strong>se reserva el derecho de finalizar los servicios contratados que se hubiera celebrado con los usuarios, en caso que los datos que haya facilitado sean falsos, incompletos, inexactos o no est\u00e9n actualizados.\n\n<strong>NMG ACUO, S.L. <\/strong>-no responde de la veracidad de las informaciones que no sean de elaboraci\u00f3n propia y de las que se indique otra fuente, por lo que tampoco asume responsabilidad alguna en cuanto a hipot\u00e9ticos perjuicios que pudieran originarse por el uso de dicha informaci\u00f3n.\n\n<strong>NMG ACUO, S.L. <\/strong>-se reserva el derecho a actualizar, modificar o eliminar la informaci\u00f3n contenida en sus p\u00e1ginas web pudiendo incluso limitar o no permitir el acceso a dicha informaci\u00f3n. Se exonera a NMG ACUO, S.L. de responsabilidad ante cualquier da\u00f1o o perjuicio que pudiera sufrir el usuario como consecuencia de errores, defectos u omisiones, en la informaci\u00f3n facilitada por el reponsable siempre que proceda de fuentes ajenas a la misma.\n\n&nbsp;\n\nAsimismo, el usuario certifica que es mayor de 14 a\u00f1os y que posee la capacidad legal necesaria para la prestaci\u00f3n del consentimiento en cuanto al tratamiento de sus datos de car\u00e1cter personal.\n<h2>8.\u00a0\u00a0 Legislaci\u00f3n aplicable<\/h2>\n<strong>\u00a0<\/strong>\n\n<strong>NMG ACUO, S.L.<\/strong>, velar\u00e1 por el cumplimiento de las anteriores condiciones como por la debida utilizaci\u00f3n de los contenidos presentados en sus p\u00e1ginas web, ejercitando todas las acciones civiles y penales que le correspondan en el caso de infracci\u00f3n o incumplimiento de estos derechos por parte del usuario.\n\nEl presente Aviso Legal se interpretar\u00e1 y regir\u00e1 de conformidad con la legislaci\u00f3n espa\u00f1ola. <strong>NMG ACUO, S.L. <\/strong>y los usuarios, con renuncia expresa a cualquier otro fuero que pudiera corresponderles, se someten al de los juzgados y tribunales del domicilio del usuario para cualquier controversia que pudiera derivarse del acceso o uso de la web. En el caso de que el usuario tenga su domicilio fuera de Espa\u00f1a, <strong>NMG ACUO, S.L. <\/strong>y el usuario, se someten, con renuncia expresa a cualquier otro fuero, a los juzgados y tribunales del domicilio de <strong>NMG ACUO, S.L.<\/strong>.\t\t\t\t\t\t\t\t<\/div>\n\t\t\t\t<\/div>\n\t\t\t\t\t<\/div>\n\t\t\t\t<\/div>\n\t\t\t\t<\/div>\n\t\t","protected":false},"excerpt":{"rendered":"<p>Aviso legal 1.\u00a0\u00a0 Datos \u00a0 En cumplimiento del art\u00edculo 10 de la Ley 34\/2002, de 11 de julio, de Servicios de la Sociedad de la Informaci\u00f3n y Comercio Electr\u00f3nico, a continuaci\u00f3n se exponen los datos identificativos del\/la titular de la p\u00e1gina web. Denominaci\u00f3n Social o nombre y apellidos: NMG ACUO, S.L. &nbsp; CIF\/NIF: B86475993 &nbsp; [&hellip;]<\/p>\n","protected":false},"author":1,"featured_media":0,"parent":0,"menu_order":0,"comment_status":"closed","ping_status":"closed","template":"","meta":{"footnotes":""},"_links":{"self":[{"href":"https:\/\/nmgasesores.es\/index.php?rest_route=\/wp\/v2\/pages\/113"}],"collection":[{"href":"https:\/\/nmgasesores.es\/index.php?rest_route=\/wp\/v2\/pages"}],"about":[{"href":"https:\/\/nmgasesores.es\/index.php?rest_route=\/wp\/v2\/types\/page"}],"author":[{"embeddable":true,"href":"https:\/\/nmgasesores.es\/index.php?rest_route=\/wp\/v2\/users\/1"}],"replies":[{"embeddable":true,"href":"https:\/\/nmgasesores.es\/index.php?rest_route=%2Fwp%2Fv2%2Fcomments&post=113"}],"version-history":[{"count":13,"href":"https:\/\/nmgasesores.es\/index.php?rest_route=\/wp\/v2\/pages\/113\/revisions"}],"predecessor-version":[{"id":482,"href":"https:\/\/nmgasesores.es\/index.php?rest_route=\/wp\/v2\/pages\/113\/revisions\/482"}],"wp:attachment":[{"href":"https:\/\/nmgasesores.es\/index.php?rest_route=%2Fwp%2Fv2%2Fmedia&parent=113"}],"curies":[{"name":"wp","href":"https:\/\/api.w.org\/{rel}","templated":true}]}}